{"id":256,"date":"2023-07-06T00:56:00","date_gmt":"2023-07-06T05:56:00","guid":{"rendered":"https:\/\/ipspobox.com\/inicio\/?page_id=256"},"modified":"2023-07-06T17:53:10","modified_gmt":"2023-07-06T22:53:10","slug":"terminos-y-condiciones","status":"publish","type":"page","link":"https:\/\/ipspobox.com\/inicio\/terminos-y-condiciones\/","title":{"rendered":"T\u00e9rminos y Condiciones"},"content":{"rendered":"<p>[et_pb_section fb_built=\u00bb1&#8243; _builder_version=\u00bb4.20.2&#8243; _module_preset=\u00bbdefault\u00bb use_background_color_gradient=\u00bbon\u00bb background_color_gradient_stops=\u00bbrgba(0,0,0,0.47) 1%|rgba(0,0,0,0.7) 100%\u00bb background_color_gradient_overlays_image=\u00bbon\u00bb background_image=\u00bbhttps:\/\/ipspobox.com\/inicio\/wp-content\/uploads\/2023\/03\/ips-alternative.jpg\u00bb custom_margin=\u00bb||-1px|||\u00bb custom_padding=\u00bb190px||65px||false|\u00bb global_colors_info=\u00bb{}\u00bb][et_pb_row _builder_version=\u00bb4.20.2&#8243; _module_preset=\u00bbdefault\u00bb global_colors_info=\u00bb{}\u00bb][et_pb_column type=\u00bb4_4&#8243; _builder_version=\u00bb4.20.2&#8243; _module_preset=\u00bbdefault\u00bb global_colors_info=\u00bb{}\u00bb][et_pb_text _builder_version=\u00bb4.21.0&#8243; _module_preset=\u00bb53fac924-1644-4f70-a8a0-435df3cf1c52&#8243; header_font=\u00bb|600|||||||\u00bb header_text_align=\u00bbleft\u00bb header_text_color=\u00bb#FFFFFF\u00bb header_font_size=\u00bb40px\u00bb header_line_height=\u00bb1.1em\u00bb text_orientation=\u00bbcenter\u00bb header_font_size_tablet=\u00bb36px\u00bb header_font_size_phone=\u00bb28px\u00bb header_font_size_last_edited=\u00bbon|phone\u00bb locked=\u00bboff\u00bb global_colors_info=\u00bb{}\u00bb]<\/p>\n<h1>T\u00e9rminos y Condiciones<\/h1>\n<p>[\/et_pb_text][\/et_pb_column][\/et_pb_row][\/et_pb_section][et_pb_section fb_built=\u00bb1&#8243; _builder_version=\u00bb4.20.2&#8243; _module_preset=\u00bbdefault\u00bb background_enable_color=\u00bboff\u00bb custom_padding=\u00bb52px|||||\u00bb global_colors_info=\u00bb{}\u00bb][et_pb_row _builder_version=\u00bb4.20.0&#8243; _module_preset=\u00bbdefault\u00bb global_colors_info=\u00bb{}\u00bb][et_pb_column type=\u00bb4_4&#8243; _builder_version=\u00bb4.20.0&#8243; _module_preset=\u00bbdefault\u00bb global_colors_info=\u00bb{}\u00bb][et_pb_text _builder_version=\u00bb4.21.0&#8243; _module_preset=\u00bb003e9429-8e11-4d9e-968b-8881092bbf81&#8243; header_2_font=\u00bbMontserrat|800|||||||\u00bb header_2_text_align=\u00bbleft\u00bb header_2_text_color=\u00bb#000000&#8243; header_2_font_size=\u00bb32px\u00bb header_2_line_height=\u00bb1.1em\u00bb text_orientation=\u00bbcenter\u00bb custom_margin=\u00bb||14px||false|false\u00bb header_2_font_size_tablet=\u00bb32px\u00bb header_2_font_size_phone=\u00bb20px\u00bb header_2_font_size_last_edited=\u00bbon|phone\u00bb header_2_line_height_tablet=\u00bb1.2em\u00bb header_2_line_height_phone=\u00bb\u00bb header_2_line_height_last_edited=\u00bbon|phone\u00bb locked=\u00bboff\u00bb global_colors_info=\u00bb{}\u00bb]<\/p>\n<h2><span>T\u00e9rminos y Condiciones<\/span><\/h2>\n<p>[\/et_pb_text][et_pb_text _builder_version=\u00bb4.21.0&#8243; _module_preset=\u00bb22d0da71-6393-430b-a0cd-b77dd565e85c\u00bb text_font=\u00bbRoboto|300|||||||\u00bb text_text_color=\u00bb#353433&#8243; text_font_size=\u00bb16px\u00bb hover_enabled=\u00bb0&#8243; text_font_size_tablet=\u00bb15px\u00bb text_font_size_phone=\u00bb14px\u00bb text_font_size_last_edited=\u00bboff|desktop\u00bb header_font_size_tablet=\u00bb55px\u00bb header_font_size_last_edited=\u00bboff|desktop\u00bb locked=\u00bboff\u00bb global_colors_info=\u00bb{}\u00bb sticky_enabled=\u00bb0&#8243;]<\/p>\n<div><span>Los costos son los siguientes:<\/span><\/div>\n<div><span><\/span><\/div>\n<ul>\n<li><span>El Costo por la Anualidad es de $ 75 USD<\/span><\/li>\n<\/ul>\n<p>\u00a0<span>Al Recibir sus Paquetes y\/o compras en Hidalgo:<\/span><\/p>\n<ul>\n<li><span>La entrega de correspondencia en Hidalgo, es GRATIS, si solicita el env\u00edo a Monterrey el costo es de 1.00 USD por libra.<\/span><\/li>\n<li><span>Entrega de mercanc\u00eda en Hidalgo a personas que no est\u00e9n registradas en el pobox el costo es de 10 USD.<\/span><\/li>\n<li><span>Boletos de espect\u00e1culos, se cotizar\u00e1 valor factura .<\/span><\/li>\n<li><span>Envi\u00f3 a Monterrey, es del 18 % del Valor de su Mercanc\u00eda, antes de shipping y tax m\u00e1s el costo del almacenaje, siempre y cuando no exceda las dimensiones.<\/span><\/li>\n<li><span>En Paquetes con Dimensiones se cobra por el Volumen = Largo x alto x ancho \/6000 x 2.5 USD. Medidas en cms.<\/span><\/li>\n<li><span>El Costo M\u00ednimo de Importaci\u00f3n es de $ 2 USD, m\u00e1s almacenaje.<\/span><\/li>\n<li><span>Paquete sin n\u00famero de suite el costo es de 3 dlls<\/span><\/li>\n<li><span>Al llegar un paquete a sucursal Hidalgo con un nombre no registrado en su suite el costo es de 5 USD por paquete.<\/span><\/li>\n<li><span>Paquetes Usados, Regalos o Garant\u00edas se buscar\u00e1 un costo aproximado del producto o Volumen.<\/span><\/li>\n<li><span>Una vez llegando su paquete a Monterrey tiene 30 d\u00edas naturales como plazo para recogerlos, en caso de no ser as\u00ed, INTERNATIONAL PARCEL SERVICE , no entregara paquetes hasta que se liquiden adeudos existentes.<\/span><\/li>\n<li><span>En un lapso de 90 d\u00edas (3 meses ) en Matriz o sin recoger , la empresa no se hace responsable de paquetes no reclamados , autorizando desde este momento el cliente a su destrucci\u00f3n.<\/span><\/li>\n<\/ul>\n<p><span>Restricciones<\/span><\/p>\n<div><span>1. Replicas y juguetes de cualquier tipo<\/span><\/div>\n<div><span>2. L\u00edquidos inflamables y Explosivos<\/span><\/div>\n<div><span>3. Armas de Fuego as\u00ed como cualquier aditamento.<\/span><\/div>\n<div><span>Al Solicitar la Importaci\u00f3n de su Mercanc\u00eda se le da un tiempo de Entrega de 2 a 3 d\u00edas h\u00e1biles (salvo por causas ajenas a Nuestra Empresa).<\/span><\/div>\n<p>[\/et_pb_text][\/et_pb_column][\/et_pb_row][\/et_pb_section]<\/p>\n","protected":false},"excerpt":{"rendered":"<p>T\u00e9rminos y CondicionesT\u00e9rminos y CondicionesLos costos son los siguientes: El Costo por la Anualidad es de $ 75 USD \u00a0Al Recibir sus Paquetes y\/o compras en Hidalgo: La entrega de correspondencia en Hidalgo, es GRATIS, si solicita el env\u00edo a Monterrey el costo es de 1.00 USD por libra. Entrega de mercanc\u00eda en Hidalgo a [&hellip;]<\/p>\n","protected":false},"author":1,"featured_media":0,"parent":0,"menu_order":0,"comment_status":"closed","ping_status":"closed","template":"","meta":{"_et_pb_use_builder":"on","_et_pb_old_content":"","_et_gb_content_width":"","footnotes":""},"class_list":["post-256","page","type-page","status-publish","hentry"],"_links":{"self":[{"href":"https:\/\/ipspobox.com\/inicio\/wp-json\/wp\/v2\/pages\/256","targetHints":{"allow":["GET"]}}],"collection":[{"href":"https:\/\/ipspobox.com\/inicio\/wp-json\/wp\/v2\/pages"}],"about":[{"href":"https:\/\/ipspobox.com\/inicio\/wp-json\/wp\/v2\/types\/page"}],"author":[{"embeddable":true,"href":"https:\/\/ipspobox.com\/inicio\/wp-json\/wp\/v2\/users\/1"}],"replies":[{"embeddable":true,"href":"https:\/\/ipspobox.com\/inicio\/wp-json\/wp\/v2\/comments?post=256"}],"version-history":[{"count":6,"href":"https:\/\/ipspobox.com\/inicio\/wp-json\/wp\/v2\/pages\/256\/revisions"}],"predecessor-version":[{"id":267,"href":"https:\/\/ipspobox.com\/inicio\/wp-json\/wp\/v2\/pages\/256\/revisions\/267"}],"wp:attachment":[{"href":"https:\/\/ipspobox.com\/inicio\/wp-json\/wp\/v2\/media?parent=256"}],"curies":[{"name":"wp","href":"https:\/\/api.w.org\/{rel}","templated":true}]}}